{"id":352,"date":"2019-12-30T15:30:57","date_gmt":"2019-12-30T14:30:57","guid":{"rendered":"https:\/\/www.nts-stampi.it\/sistema-di-gestione-integrato-qualita-sicurezza-ed-ambiente\/"},"modified":"2025-09-09T13:14:38","modified_gmt":"2025-09-09T11:14:38","slug":"sistema-di-gestione-integrato-qualita-sicurezza-ed-ambiente","status":"publish","type":"page","link":"https:\/\/www.nts-stampi.it\/en\/sistema-di-gestione-integrato-qualita-sicurezza-ed-ambiente\/","title":{"rendered":"Sistema di gestione per la Qualit\u00e0"},"content":{"rendered":"\n<p>Il giorno 8 settembre 2022 la nTS Societ\u00e0 Cooperativa ha ottenuto la Certificazione del proprio sistema di gestione per la Qualit\u00e0 secondo la norma UNI EN ISO 9001: 2015. Il certificato \u00e8 stato rinnovato l&#8217;8\/9\/2025.<\/p>\n\n\n\n<figure class=\"wp-block-image size-large\"><img loading=\"lazy\" width=\"724\" height=\"1024\" src=\"https:\/\/www.nts-stampi.it\/wp-content\/uploads\/2025\/09\/Cert-ISO-9001_20192_NTS_2025-conv-1-724x1024.jpeg\" alt=\"\" class=\"wp-image-530\" srcset=\"https:\/\/www.nts-stampi.it\/wp-content\/uploads\/2025\/09\/Cert-ISO-9001_20192_NTS_2025-conv-1-724x1024.jpeg 724w, https:\/\/www.nts-stampi.it\/wp-content\/uploads\/2025\/09\/Cert-ISO-9001_20192_NTS_2025-conv-1-212x300.jpeg 212w, https:\/\/www.nts-stampi.it\/wp-content\/uploads\/2025\/09\/Cert-ISO-9001_20192_NTS_2025-conv-1-768x1086.jpeg 768w, https:\/\/www.nts-stampi.it\/wp-content\/uploads\/2025\/09\/Cert-ISO-9001_20192_NTS_2025-conv-1-1087x1536.jpeg 1087w, https:\/\/www.nts-stampi.it\/wp-content\/uploads\/2025\/09\/Cert-ISO-9001_20192_NTS_2025-conv-1-1449x2048.jpeg 1449w, https:\/\/www.nts-stampi.it\/wp-content\/uploads\/2025\/09\/Cert-ISO-9001_20192_NTS_2025-conv-1.jpeg 1654w\" sizes=\"(max-width: 724px) 100vw, 724px\" \/><\/figure>\n","protected":false},"excerpt":{"rendered":"<p>Il giorno 8 settembre 2022 la nTS Societ\u00e0 Cooperativa ha ottenuto la Certificazione del proprio sistema di gestione per la Qualit\u00e0 secondo la norma UNI EN ISO 9001: 2015. Il certificato \u00e8 stato rinnovato l&#8217;8\/9\/2025.<\/p>\n","protected":false},"author":1,"featured_media":0,"parent":0,"menu_order":0,"comment_status":"closed","ping_status":"closed","template":"","meta":[],"_links":{"self":[{"href":"https:\/\/www.nts-stampi.it\/en\/wp-json\/wp\/v2\/pages\/352"}],"collection":[{"href":"https:\/\/www.nts-stampi.it\/en\/wp-json\/wp\/v2\/pages"}],"about":[{"href":"https:\/\/www.nts-stampi.it\/en\/wp-json\/wp\/v2\/types\/page"}],"author":[{"embeddable":true,"href":"https:\/\/www.nts-stampi.it\/en\/wp-json\/wp\/v2\/users\/1"}],"replies":[{"embeddable":true,"href":"https:\/\/www.nts-stampi.it\/en\/wp-json\/wp\/v2\/comments?post=352"}],"version-history":[{"count":9,"href":"https:\/\/www.nts-stampi.it\/en\/wp-json\/wp\/v2\/pages\/352\/revisions"}],"predecessor-version":[{"id":536,"href":"https:\/\/www.nts-stampi.it\/en\/wp-json\/wp\/v2\/pages\/352\/revisions\/536"}],"wp:attachment":[{"href":"https:\/\/www.nts-stampi.it\/en\/wp-json\/wp\/v2\/media?parent=352"}],"curies":[{"name":"wp","href":"https:\/\/api.w.org\/{rel}","templated":true}]}}